{"id":23,"date":"2011-07-31T08:19:10","date_gmt":"2011-07-31T06:19:10","guid":{"rendered":"http:\/\/traumatologas.lt\/?page_id=23"},"modified":"2011-08-13T22:53:43","modified_gmt":"2011-08-13T19:53:43","slug":"rf","status":"publish","type":"page","link":"https:\/\/traumatologas.lt\/?page_id=23","title":{"rendered":"Rai\u0161\u010di\u0173 traumos"},"content":{"rendered":"<p><span style=\"color: #888888;\">Rai\u0161\u010di\u0173 patempimai, daliniai ir pilni ply\u0161imai.<\/span><\/p>\n<p>Ra\u0161\u010di\u0173 traumos metu b\u016bna lokalus skausmas, gali b\u016bti paraudimai, m\u0117lyn\u0117s, patinimas, skausmingi traumuoto s\u0105nario judesiai, jei traumuoti kojos rai\u0161\u010diai\u2013 skausminga priminti koj\u0105.<\/p>\n<p><span style=\"color: #888888;\">\u00a0Rekomendacijos:<\/span><\/p>\n<p>Priklausomai nuo pa\u017eeidimo stiprumo skiriasi rai\u0161\u010di\u0173 pa\u017eeidimo gydymo taktika, esant pilnam ply\u0161imui\u2013 s\u0105narys imobilizuojamas, kad raistis sugyt\u0173 be prailg\u0117jimo.\u00a0 Imobilizuojama gipsiniu \u012ftvaru arba ortopediniu plastikiniu \u012ftvaru.<\/p>\n<p>Taikyti \u0161al\u010dio kompresus traumuotai sri\u010diai 3-4 dienas po traumos. \u0160al\u010dio kompresas dedamas ant odos per rank\u0161luost\u012f ar kit\u0105 med\u017eiagin\u012f audin\u012f, ne\u0161lapinant pa\u017eeistos srities. \u0160altis laikomas kelet\u0105 minu\u010di\u0173, nereikia pa\u017eeistos srities su\u0161aldyti, tikslas tik atv\u0117sinti, kad suma\u017e\u0117t\u0173 patinimas, nery\u0161k\u0117t\u0173 kraujosr\u016bva. \u0160al\u010dio kompresus galima taikyti kelet\u0105 kart\u0173 per valand\u0105.<\/p>\n<p>Traumuot\u0105 gal\u016bn\u0119 laikyti pakelt\u0105. Jeigu traumuota koja, reik\u0117t\u0173 s\u0117dint ar gulint j\u0105 pakelti, jei traumuota ranka\u2013 pasiri\u0161ti su patogiu audiniu po kaklu, gulint pakelti ant pagalv\u0117s.<\/p>\n<p>Skausmo metu rekomenduojama vartoti nesteroidinius vaistus nuo u\u017edegimo (analgetikus).<\/p>\n<p>Tepti lokaliai tepalais su nesteroidiniais vaistais nuo u\u017edegimo, esant kraujosr\u016bvai tepti tepalais su heparinu. Tepal\u0105 reikia trinti kelet\u0105 minu\u010di\u0173 \u0161velniais judesiais, kol tepalas \u012fsigeria \u012f od\u0105. Prie\u0161 kiekvien\u0105 tepim\u0105 su vandeniu nuplauti nuo prie\u0161 tai buvusio tepalo susidariusi\u0105 pl\u0117vel\u0119 ir \u012ftrinti tepal\u0105 ant sausos odos.<\/p>\n<p>Riboti kr\u016bv\u012f traumuotai gal\u016bnei, esant stipriems skausmams kojoje- neminti, vaik\u0161\u010dioti su ramentais. Jei traumuota ranka\u2013 nieko sunkaus nekelti, \u0161ia ranka nesiremti.<\/p>\n<blockquote>\n<ul>\n<li><span style=\"color: #888888;\">Imobilizacija.<\/span><\/li>\n<li><span style=\"color: #888888;\">\u0160altis vieti\u0161kai.<\/span><\/li>\n<li><span style=\"color: #888888;\">Analgetikai.<\/span><\/li>\n<li><span style=\"color: #888888;\">Gal\u016bn\u0117s pak\u0117limas<\/span><\/li>\n<li><span style=\"color: #888888;\">Tepalai.<\/span><\/li>\n<li><span style=\"color: #888888;\">Ramyb\u0117.<\/span><\/li>\n<\/ul>\n<\/blockquote>\n<p>&nbsp;<\/p>\n","protected":false},"excerpt":{"rendered":"<p>Rai\u0161\u010di\u0173 patempimai, daliniai ir pilni ply\u0161imai. Ra\u0161\u010di\u0173 traumos metu b\u016bna lokalus skausmas, gali b\u016bti paraudimai, m\u0117lyn\u0117s, patinimas, skausmingi traumuoto s\u0105nario judesiai, jei traumuoti kojos rai\u0161\u010diai\u2013 skausminga priminti koj\u0105. \u00a0Rekomendacijos: Priklausomai nuo pa\u017eeidimo stiprumo skiriasi rai\u0161\u010di\u0173 pa\u017eeidimo gydymo taktika, esant pilnam ply\u0161imui\u2013 s\u0105narys imobilizuojamas, kad raistis sugyt\u0173 be prailg\u0117jimo.\u00a0 Imobilizuojama gipsiniu \u012ftvaru arba ortopediniu plastikiniu \u012ftvaru. &hellip; <a href=\"https:\/\/traumatologas.lt\/?page_id=23\" class=\"more-link\">Continue reading <span class=\"screen-reader-text\">Rai\u0161\u010di\u0173 traumos<\/span> <span class=\"meta-nav\">&rarr;<\/span><\/a><\/p>\n","protected":false},"author":1,"featured_media":0,"parent":6,"menu_order":0,"comment_status":"closed","ping_status":"open","template":"","meta":{"footnotes":""},"class_list":["post-23","page","type-page","status-publish","hentry"],"_links":{"self":[{"href":"https:\/\/traumatologas.lt\/index.php?rest_route=\/wp\/v2\/pages\/23","targetHints":{"allow":["GET"]}}],"collection":[{"href":"https:\/\/traumatologas.lt\/index.php?rest_route=\/wp\/v2\/pages"}],"about":[{"href":"https:\/\/traumatologas.lt\/index.php?rest_route=\/wp\/v2\/types\/page"}],"author":[{"embeddable":true,"href":"https:\/\/traumatologas.lt\/index.php?rest_route=\/wp\/v2\/users\/1"}],"replies":[{"embeddable":true,"href":"https:\/\/traumatologas.lt\/index.php?rest_route=%2Fwp%2Fv2%2Fcomments&post=23"}],"version-history":[{"count":8,"href":"https:\/\/traumatologas.lt\/index.php?rest_route=\/wp\/v2\/pages\/23\/revisions"}],"predecessor-version":[{"id":25,"href":"https:\/\/traumatologas.lt\/index.php?rest_route=\/wp\/v2\/pages\/23\/revisions\/25"}],"up":[{"embeddable":true,"href":"https:\/\/traumatologas.lt\/index.php?rest_route=\/wp\/v2\/pages\/6"}],"wp:attachment":[{"href":"https:\/\/traumatologas.lt\/index.php?rest_route=%2Fwp%2Fv2%2Fmedia&parent=23"}],"curies":[{"name":"wp","href":"https:\/\/api.w.org\/{rel}","templated":true}]}}