{"id":33,"date":"2011-08-13T23:07:34","date_gmt":"2011-08-13T20:07:34","guid":{"rendered":"http:\/\/traumatologas.lt\/?page_id=33"},"modified":"2011-08-14T16:17:29","modified_gmt":"2011-08-14T13:17:29","slug":"petys","status":"publish","type":"page","link":"https:\/\/traumatologas.lt\/?page_id=33","title":{"rendered":"Petys"},"content":{"rendered":"<p>Peties s\u0105nario srityje yra 3 kaulai (raktikaulis, ment\u0117 ir \u017eastikaulis) ir juos supantys raumenys ir sausgysl\u0117s. \u012e da\u017enai pasitaikant\u012f trumpalaik\u012f peties srities skausm\u0105 daugelis m\u016bs\u0173 nekreipiame d\u0117mesio, ta\u010diau kai skausmas trukdo kasdienin\u0117je veikloje, neleid\u017eia pails\u0117ti nakt\u012f- ie\u0161kome prie\u017eas\u010di\u0173 ir sprendimo.<\/p>\n<p>Da\u017eniausiai pasitaikan\u010dios peties srities problemos:<\/p>\n<p>&#8211;\u00a0\u00a0\u00a0\u00a0\u00a0\u00a0\u00a0\u00a0 Sausgysli\u0173 u\u017edegimai (tendinitas arba burzitas) arba ply\u0161imai<\/p>\n<p>&#8211;\u00a0\u00a0\u00a0\u00a0\u00a0\u00a0\u00a0\u00a0 Ank\u0161tumas<\/p>\n<p>&#8211;\u00a0\u00a0\u00a0\u00a0\u00a0\u00a0\u00a0\u00a0 Neurologiniai susirgimai, pasirei\u0161kiantys peties srities skausmu<\/p>\n<p>&#8211;\u00a0\u00a0\u00a0\u00a0\u00a0\u00a0\u00a0\u00a0 I\u0161nirimai arba nestabilumai<\/p>\n<p>&#8211;\u00a0\u00a0\u00a0\u00a0\u00a0\u00a0\u00a0\u00a0 Artroz\u0117s (da\u017enesn\u0117 akromioklavikulinio s\u0105nario<\/p>\n<p>&#8211;\u00a0\u00a0\u00a0\u00a0\u00a0\u00a0\u00a0\u00a0 Kaul\u0173 l\u016b\u017eiai<\/p>\n","protected":false},"excerpt":{"rendered":"<p>Peties s\u0105nario srityje yra 3 kaulai (raktikaulis, ment\u0117 ir \u017eastikaulis) ir juos supantys raumenys ir sausgysl\u0117s. \u012e da\u017enai pasitaikant\u012f trumpalaik\u012f peties srities skausm\u0105 daugelis m\u016bs\u0173 nekreipiame d\u0117mesio, ta\u010diau kai skausmas trukdo kasdienin\u0117je veikloje, neleid\u017eia pails\u0117ti nakt\u012f- ie\u0161kome prie\u017eas\u010di\u0173 ir sprendimo. Da\u017eniausiai pasitaikan\u010dios peties srities problemos: &#8211;\u00a0\u00a0\u00a0\u00a0\u00a0\u00a0\u00a0\u00a0 Sausgysli\u0173 u\u017edegimai (tendinitas arba burzitas) arba ply\u0161imai &#8211;\u00a0\u00a0\u00a0\u00a0\u00a0\u00a0\u00a0\u00a0 Ank\u0161tumas &hellip; <a href=\"https:\/\/traumatologas.lt\/?page_id=33\" class=\"more-link\">Continue reading <span class=\"screen-reader-text\">Petys<\/span> <span class=\"meta-nav\">&rarr;<\/span><\/a><\/p>\n","protected":false},"author":1,"featured_media":0,"parent":32,"menu_order":0,"comment_status":"closed","ping_status":"closed","template":"","meta":{"footnotes":""},"class_list":["post-33","page","type-page","status-publish","hentry"],"_links":{"self":[{"href":"https:\/\/traumatologas.lt\/index.php?rest_route=\/wp\/v2\/pages\/33","targetHints":{"allow":["GET"]}}],"collection":[{"href":"https:\/\/traumatologas.lt\/index.php?rest_route=\/wp\/v2\/pages"}],"about":[{"href":"https:\/\/traumatologas.lt\/index.php?rest_route=\/wp\/v2\/types\/page"}],"author":[{"embeddable":true,"href":"https:\/\/traumatologas.lt\/index.php?rest_route=\/wp\/v2\/users\/1"}],"replies":[{"embeddable":true,"href":"https:\/\/traumatologas.lt\/index.php?rest_route=%2Fwp%2Fv2%2Fcomments&post=33"}],"version-history":[{"count":5,"href":"https:\/\/traumatologas.lt\/index.php?rest_route=\/wp\/v2\/pages\/33\/revisions"}],"predecessor-version":[{"id":86,"href":"https:\/\/traumatologas.lt\/index.php?rest_route=\/wp\/v2\/pages\/33\/revisions\/86"}],"up":[{"embeddable":true,"href":"https:\/\/traumatologas.lt\/index.php?rest_route=\/wp\/v2\/pages\/32"}],"wp:attachment":[{"href":"https:\/\/traumatologas.lt\/index.php?rest_route=%2Fwp%2Fv2%2Fmedia&parent=33"}],"curies":[{"name":"wp","href":"https:\/\/api.w.org\/{rel}","templated":true}]}}