{"id":36,"date":"2011-07-31T09:13:51","date_gmt":"2011-07-31T07:13:51","guid":{"rendered":"http:\/\/traumatologas.lt\/?page_id=36"},"modified":"2011-08-14T10:04:25","modified_gmt":"2011-08-14T07:04:25","slug":"zaizdos","status":"publish","type":"page","link":"https:\/\/traumatologas.lt\/?page_id=36","title":{"rendered":"\u017daizdos"},"content":{"rendered":"<p><span style=\"color: #808080;\">\u017daizd\u0173 negalima \u0161lapinti, saugoti pa\u017eeist\u0105 srit\u012f nuo kartotinio traumavimo \u017eaizdos gydymo metu.<\/span><\/p>\n<p>Patyrus traum\u0105, esant \u017eaizdai <span style=\"color: #808080;\">b\u016btina skubiai<\/span> kreiptis \u012f artimiausi\u0105 skubios pagalbos skyri\u0173, kad \u017eaizd\u0105 \u012fvertint\u0173 specialistai, suteikt\u0173 b\u016btin\u0105j\u0105 pagalb\u0105. Specialistas \u012fvertin\u0119s su\u017ealojim\u0105 pasi\u016blo gydym\u0105, jei tikslinga- \u017eaizda susiuvama, u\u017ededami tvars\u010diai.<\/p>\n<p>Rekomendacijos:<\/p>\n<p>Reikia \u017eaizd\u0105 perri\u0161ti kasdien su antiseptikais poliklinikoje, steb\u0117ti d\u0117l galim\u0173 infekcijos po\u017eymi\u0173, si\u016blus pa\u0161alinti po 9-14 dien\u0173, \u017eaizdai sugijus.<\/p>\n<p>Pasirei\u0161kus infekcijos po\u017eymiams tikslinga b\u016bt\u0173 vartoti antibiotikus.<\/p>\n<p>Jei \u017eaizda ne\u0161vari, tikslingi skiepai nuo stablig\u0117s (sprend\u017eia gydytojas, \u012fvertin\u0119s \u017eaizd\u0105).<\/p>\n<p>Taikyti \u0161al\u010dio kompresus traumuotai sri\u010diai 3-4 dienas po traumos. \u0160al\u010dio kompresas dedamas ant odos per rank\u0161luost\u012f ar kit\u0105 med\u017eiagin\u012f audin\u012f, ne\u0161lapinant pa\u017eeistos srities. \u0160altis laikomas kelet\u0105 minu\u010di\u0173, nereikia pa\u017eeistos srities su\u0161aldyti, tikslas tik atv\u0117sinti, kad suma\u017e\u0117t\u0173 patinimas, nery\u0161k\u0117t\u0173 kraujosr\u016bva. \u0160al\u010dio kompresus galima taikyti kelet\u0105 kart\u0173 per valand\u0105.<\/p>\n<p>Traumuot\u0105 gal\u016bn\u0119 laikyti pakelt\u0105. Jeigu traumuota koja, reik\u0117t\u0173 s\u0117dint ar gulint j\u0105 pakelti, jei traumuota ranka\u2013 pasiri\u0161ti su patogiu audiniu po kaklu.<\/p>\n<p>Skausmo metu rekomenduojama vartoti nesteroidinius vaistus nuo u\u017edegimo (analgetikus).<\/p>\n<p>Riboti kr\u016bv\u012f traumuotai gal\u016bnei, esant stipriems skausmams kojoje- neminti, vaik\u0161\u010dioti su ramentais. Jei traumuota ranka\u2013 nieko sunkaus nekelti, \u0161ia ranka nesiremti.<\/p>\n<blockquote>\n<blockquote>\n<blockquote>\n<ul>\n<li><span style=\"color: #808080;\">Perri\u0161imai.<\/span><\/li>\n<li><span style=\"color: #808080;\">Steb\u0117jimas d\u0117l infekcijos.<\/span><\/li>\n<li><span style=\"color: #808080;\">\u0160altis vieti\u0161kai.<\/span><\/li>\n<li><span style=\"color: #808080;\">Analgetikai.<\/span><\/li>\n<li><span style=\"color: #808080;\">Gal\u016bn\u0117s pak\u0117limas<\/span><\/li>\n<li><span style=\"color: #808080;\">Ramyb\u0117.<\/span><\/li>\n<li><span style=\"color: #808080;\">Si\u016bl\u0173 pa\u0161alinimas<\/span><\/li>\n<\/ul>\n<\/blockquote>\n<\/blockquote>\n<\/blockquote>\n","protected":false},"excerpt":{"rendered":"<p>\u017daizd\u0173 negalima \u0161lapinti, saugoti pa\u017eeist\u0105 srit\u012f nuo kartotinio traumavimo \u017eaizdos gydymo metu. Patyrus traum\u0105, esant \u017eaizdai b\u016btina skubiai kreiptis \u012f artimiausi\u0105 skubios pagalbos skyri\u0173, kad \u017eaizd\u0105 \u012fvertint\u0173 specialistai, suteikt\u0173 b\u016btin\u0105j\u0105 pagalb\u0105. Specialistas \u012fvertin\u0119s su\u017ealojim\u0105 pasi\u016blo gydym\u0105, jei tikslinga- \u017eaizda susiuvama, u\u017ededami tvars\u010diai. Rekomendacijos: Reikia \u017eaizd\u0105 perri\u0161ti kasdien su antiseptikais poliklinikoje, steb\u0117ti d\u0117l galim\u0173 infekcijos po\u017eymi\u0173, &hellip; <a href=\"https:\/\/traumatologas.lt\/?page_id=36\" class=\"more-link\">Continue reading <span class=\"screen-reader-text\">\u017daizdos<\/span> <span class=\"meta-nav\">&rarr;<\/span><\/a><\/p>\n","protected":false},"author":1,"featured_media":0,"parent":6,"menu_order":0,"comment_status":"closed","ping_status":"open","template":"","meta":{"footnotes":""},"class_list":["post-36","page","type-page","status-publish","hentry"],"_links":{"self":[{"href":"https:\/\/traumatologas.lt\/index.php?rest_route=\/wp\/v2\/pages\/36","targetHints":{"allow":["GET"]}}],"collection":[{"href":"https:\/\/traumatologas.lt\/index.php?rest_route=\/wp\/v2\/pages"}],"about":[{"href":"https:\/\/traumatologas.lt\/index.php?rest_route=\/wp\/v2\/types\/page"}],"author":[{"embeddable":true,"href":"https:\/\/traumatologas.lt\/index.php?rest_route=\/wp\/v2\/users\/1"}],"replies":[{"embeddable":true,"href":"https:\/\/traumatologas.lt\/index.php?rest_route=%2Fwp%2Fv2%2Fcomments&post=36"}],"version-history":[{"count":9,"href":"https:\/\/traumatologas.lt\/index.php?rest_route=\/wp\/v2\/pages\/36\/revisions"}],"predecessor-version":[{"id":55,"href":"https:\/\/traumatologas.lt\/index.php?rest_route=\/wp\/v2\/pages\/36\/revisions\/55"}],"up":[{"embeddable":true,"href":"https:\/\/traumatologas.lt\/index.php?rest_route=\/wp\/v2\/pages\/6"}],"wp:attachment":[{"href":"https:\/\/traumatologas.lt\/index.php?rest_route=%2Fwp%2Fv2%2Fmedia&parent=36"}],"curies":[{"name":"wp","href":"https:\/\/api.w.org\/{rel}","templated":true}]}}